{"id":153,"date":"2021-06-14T20:58:04","date_gmt":"2021-06-14T18:58:04","guid":{"rendered":"https:\/\/162.55.174.24\/?page_id=12"},"modified":"2021-06-14T20:58:04","modified_gmt":"2021-06-14T18:58:04","slug":"kontakt","status":"publish","type":"page","link":"https:\/\/www.photoslk.com\/?page_id=153","title":{"rendered":"Kontakt"},"content":{"rendered":"\n<div class=\"wp-block-image\"><figure class=\"alignright size-large\"><img decoding=\"async\" src=\"https:\/\/162.55.174.24\/wp-content\/uploads\/2021\/06\/Olk-Kontakt.jpg\" alt=\"\" class=\"wp-image-53\"\/><\/figure><\/div>\n\n\n\n<p class=\"has-text-align-left\">Um mit Oskar L. Kowalski in Kontakt zu treten, gibt es viele M\u00f6glichkeiten. Alte Leute benutzen dazu am liebsten <a href=\"https:\/\/www.facebook.com\/oskarleon.kowalski.9\">Facebook<\/a> or Email. Alte, schlecht gelaunte Leute schimpfen auf der <a href=\"https:\/\/www.model-kartei.de\/sedcards\/fotograf\/551023\/oskarlkowalski\/\">Model-Kartei<\/a> mit Oskar. Alte Leute, die sich von jungen Leuten beraten lassen, dr\u00fccken gelegentlich die Herzchen-Taste bei <a href=\"https:\/\/www.instagram.com\/oskar.l.kowalski\/\">Instagram<\/a>. <\/p>\n\n\n\n<p>Wer unter cholerischen Attacken oder sonstigen psychischen St\u00f6rungen leidet, ergie\u00dft seine Verbaldiarrhoe \u00fcber <a href=\"https:\/\/twitter.com\/OskarLeonKowal1\">Twitter<\/a> auf Oskar.<\/p>\n\n\n\n<p>Junge, hippe Leute chatten und talken auf <a href=\"https:\/\/discord.gg\/dCjYU8zt8D\">Discord<\/a> mit Oskar. Im Internet. Auf dem Server &#8222;<a href=\"https:\/\/discord.gg\/dCjYU8zt8D\">Fototreff Stammtisch Germany<\/a>&#8222;. Das ist die gr\u00f6\u00dfte deutschsprachige Discord-Community zum Thema Fotografie. <br><\/p>\n\n\n\n<p>Oskar mag keinen Besuch. Weder spontan noch angemeldet. Au\u00dferdem ist Oskar st\u00e4ndig auf Reisen. Deshalb steht hier keine Adresse.  <\/p>\n\n\n\n<p>Oskar verabscheut Geschrei, Gezappele und sonstiges Getue und verzichtet gerne auf Millionen von Tik-Tok-Zombies.<\/p>\n","protected":false},"excerpt":{"rendered":"<p>Um mit Oskar L. Kowalski in Kontakt zu treten, gibt es viele M\u00f6glichkeiten. Alte Leute benutzen dazu am liebsten Facebook or Email. Alte, schlecht gelaunte Leute schimpfen auf der Model-Kartei mit Oskar. Alte Leute, die sich von jungen Leuten beraten lassen, dr\u00fccken gelegentlich die Herzchen-Taste bei Instagram. Wer unter cholerischen Attacken oder sonstigen psychischen St\u00f6rungen [&hellip;]<\/p>\n","protected":false},"author":1,"featured_media":0,"parent":0,"menu_order":0,"comment_status":"closed","ping_status":"closed","template":"","meta":{"site-sidebar-layout":"default","site-content-layout":"default","ast-site-content-layout":"","site-content-style":"default","site-sidebar-style":"default","ast-global-header-display":"","ast-banner-title-visibility":"","ast-main-header-display":"","ast-hfb-above-header-display":"","ast-hfb-below-header-display":"","ast-hfb-mobile-header-display":"","site-post-title":"","ast-breadcrumbs-content":"","ast-featured-img":"","footer-sml-layout":"","theme-transparent-header-meta":"default","adv-header-id-meta":"","stick-header-meta":"","header-above-stick-meta":"","header-main-stick-meta":"","header-below-stick-meta":"","astra-migrate-meta-layouts":"default","ast-page-background-enabled":"default","ast-page-background-meta":{"desktop":{"background-color":"var(--ast-global-color-4)","background-image":"","background-repeat":"repeat","background-position":"center center","background-size":"auto","background-attachment":"scroll","background-type":"","background-media":"","overlay-type":"","overlay-color":"","overlay-opacity":"","overlay-gradient":""},"tablet":{"background-color":"","background-image":"","background-repeat":"repeat","background-position":"center center","background-size":"auto","background-attachment":"scroll","background-type":"","background-media":"","overlay-type":"","overlay-color":"","overlay-opacity":"","overlay-gradient":""},"mobile":{"background-color":"","background-image":"","background-repeat":"repeat","background-position":"center center","background-size":"auto","background-attachment":"scroll","background-type":"","background-media":"","overlay-type":"","overlay-color":"","overlay-opacity":"","overlay-gradient":""}},"ast-content-background-meta":{"desktop":{"background-color":"var(--ast-global-color-5)","background-image":"","background-repeat":"repeat","background-position":"center center","background-size":"auto","background-attachment":"scroll","background-type":"","background-media":"","overlay-type":"","overlay-color":"","overlay-opacity":"","overlay-gradient":""},"tablet":{"background-color":"var(--ast-global-color-5)","background-image":"","background-repeat":"repeat","background-position":"center center","background-size":"auto","background-attachment":"scroll","background-type":"","background-media":"","overlay-type":"","overlay-color":"","overlay-opacity":"","overlay-gradient":""},"mobile":{"background-color":"var(--ast-global-color-5)","background-image":"","background-repeat":"repeat","background-position":"center center","background-size":"auto","background-attachment":"scroll","background-type":"","background-media":"","overlay-type":"","overlay-color":"","overlay-opacity":"","overlay-gradient":""}},"footnotes":""},"class_list":["post-153","page","type-page","status-publish","hentry"],"_links":{"self":[{"href":"https:\/\/www.photoslk.com\/index.php?rest_route=\/wp\/v2\/pages\/153","targetHints":{"allow":["GET"]}}],"collection":[{"href":"https:\/\/www.photoslk.com\/index.php?rest_route=\/wp\/v2\/pages"}],"about":[{"href":"https:\/\/www.photoslk.com\/index.php?rest_route=\/wp\/v2\/types\/page"}],"author":[{"embeddable":true,"href":"https:\/\/www.photoslk.com\/index.php?rest_route=\/wp\/v2\/users\/1"}],"replies":[{"embeddable":true,"href":"https:\/\/www.photoslk.com\/index.php?rest_route=%2Fwp%2Fv2%2Fcomments&post=153"}],"version-history":[{"count":0,"href":"https:\/\/www.photoslk.com\/index.php?rest_route=\/wp\/v2\/pages\/153\/revisions"}],"wp:attachment":[{"href":"https:\/\/www.photoslk.com\/index.php?rest_route=%2Fwp%2Fv2%2Fmedia&parent=153"}],"curies":[{"name":"wp","href":"https:\/\/api.w.org\/{rel}","templated":true}]}}